{"id":110,"date":"2014-06-18T11:22:21","date_gmt":"2014-06-18T09:22:21","guid":{"rendered":"https:\/\/lvisl.jenweb.de\/2014\/06\/18\/behindertenpolitisches-grundsatzprogramm-der-interessenvertretung-selbstbestimmt-leben-in-deutschland-e-v-isl\/"},"modified":"2025-02-03T15:09:25","modified_gmt":"2025-02-03T15:09:25","slug":"behindertenpolitisches-grundsatzprogramm-der-interessenvertretung-selbstbestimmt-leben-in-deutschland-e-v-isl","status":"publish","type":"page","link":"https:\/\/lv-isl-thueringen.de\/?page_id=110","title":{"rendered":"Behindertenpolitisches Grundsatzprogramm der Interessenvertretung Selbstbestimmt Leben in Deutschland e. V. &#8211; ISL"},"content":{"rendered":"<style>.wp-block-kadence-advancedheading.kt-adv-heading110_9c7faf-1e, .wp-block-kadence-advancedheading.kt-adv-heading110_9c7faf-1e[data-kb-block=\"kb-adv-heading110_9c7faf-1e\"]{font-style:normal;}.wp-block-kadence-advancedheading.kt-adv-heading110_9c7faf-1e mark.kt-highlight, .wp-block-kadence-advancedheading.kt-adv-heading110_9c7faf-1e[data-kb-block=\"kb-adv-heading110_9c7faf-1e\"] mark.kt-highlight{font-style:normal;color:#f76a0c;-webkit-box-decoration-break:clone;box-decoration-break:clone;padding-top:0px;padding-right:0px;padding-bottom:0px;padding-left:0px;}<\/style>\n<h5 class=\"kt-adv-heading110_9c7faf-1e wp-block-kadence-advancedheading\" data-kb-block=\"kb-adv-heading110_9c7faf-1e\"><strong>Pr\u00e4ambel<\/strong><\/h5>\n\n\n<style>.wp-block-kadence-advancedheading.kt-adv-heading110_ed421d-fb, .wp-block-kadence-advancedheading.kt-adv-heading110_ed421d-fb[data-kb-block=\"kb-adv-heading110_ed421d-fb\"]{font-style:normal;}.wp-block-kadence-advancedheading.kt-adv-heading110_ed421d-fb mark.kt-highlight, .wp-block-kadence-advancedheading.kt-adv-heading110_ed421d-fb[data-kb-block=\"kb-adv-heading110_ed421d-fb\"] mark.kt-highlight{font-style:normal;color:#f76a0c;-webkit-box-decoration-break:clone;box-decoration-break:clone;padding-top:0px;padding-right:0px;padding-bottom:0px;padding-left:0px;}<\/style>\n<p class=\"kt-adv-heading110_ed421d-fb wp-block-kadence-advancedheading\" data-kb-block=\"kb-adv-heading110_ed421d-fb\">Die &#8220;Interessenvertretung Selbstbestimmt Leben in Deutschland e. V. &#8211; ISL&#8221; ist die Dachorganisation der Zentren f\u00fcr Selbstbestimmtes Leben behinderter Menschen und wurde 1990 von behinderten Frauen und M\u00e4nnern gegr\u00fcndet. Die ISL e .V. definiert \u201eBehinderung\u201c nicht als Defizit aus einer medizinischen Perspektive, sondern versteht Behinderung vielmehr als Menschenrechtsthema.<\/p>\n\n\n<style>.wp-block-kadence-advancedheading.kt-adv-heading110_08073c-a6, .wp-block-kadence-advancedheading.kt-adv-heading110_08073c-a6[data-kb-block=\"kb-adv-heading110_08073c-a6\"]{font-style:normal;}.wp-block-kadence-advancedheading.kt-adv-heading110_08073c-a6 mark.kt-highlight, .wp-block-kadence-advancedheading.kt-adv-heading110_08073c-a6[data-kb-block=\"kb-adv-heading110_08073c-a6\"] mark.kt-highlight{font-style:normal;color:#f76a0c;-webkit-box-decoration-break:clone;box-decoration-break:clone;padding-top:0px;padding-right:0px;padding-bottom:0px;padding-left:0px;}<\/style>\n<p class=\"kt-adv-heading110_08073c-a6 wp-block-kadence-advancedheading\" data-kb-block=\"kb-adv-heading110_08073c-a6\">Die Leitideen der ISL e.V. sind \u201eSelbstbestimmung \u2013 Selbstvertretung \u2013 Inklusion \u2013 Empowerment\u201c! Dabei wird ein behinderungs\u00fcbergreifender Ansatz verfolgt, der alle Menschen mit unterschiedlichen Beeintr\u00e4chtigungen einbezieht.<\/p>\n\n\n<style>.wp-block-kadence-advancedheading.kt-adv-heading110_2f3faf-85, .wp-block-kadence-advancedheading.kt-adv-heading110_2f3faf-85[data-kb-block=\"kb-adv-heading110_2f3faf-85\"]{font-style:normal;}.wp-block-kadence-advancedheading.kt-adv-heading110_2f3faf-85 mark.kt-highlight, .wp-block-kadence-advancedheading.kt-adv-heading110_2f3faf-85[data-kb-block=\"kb-adv-heading110_2f3faf-85\"] mark.kt-highlight{font-style:normal;color:#f76a0c;-webkit-box-decoration-break:clone;box-decoration-break:clone;padding-top:0px;padding-right:0px;padding-bottom:0px;padding-left:0px;}<\/style>\n<p class=\"kt-adv-heading110_2f3faf-85 wp-block-kadence-advancedheading\" data-kb-block=\"kb-adv-heading110_2f3faf-85\"><em>\u201eSelbstbestimmt Leben hei\u00dft, Kontrolle \u00fcber das eigene Leben zu haben, basierend auf der Wahlm\u00f6glichkeit zwischen akzeptablen Alternativen, die die Abh\u00e4ngigkeit von den Entscheidungen anderer bei der Bew\u00e4ltigung des Alltags minimieren. Das schlie\u00dft das Recht ein, seine eigenen Angelegenheiten selbst regeln zu k\u00f6nnen, an dem \u00f6ffentlichen Leben in der Gemeinde teilzuhaben, verschiedenste soziale Rollen wahrzunehmen und Entscheidungen selbst f\u00e4llen zu k\u00f6nnen, ohne dabei in die psychologische oder k\u00f6rperliche Abh\u00e4ngigkeit anderer zu geraten. Selbstbestimmung ist ein relatives Konzept, das jeder pers\u00f6nlich f\u00fcr sich bestimmen muss.\u201c<br>(DeLoach C.P., R.D. Wilins, G.W. Walker: Independent Living \u00e2 Philosophy, Process and Services. Baltimore, 1983, S. 64. \u00dcbersetzung: Horst Frehe)<\/em><\/p>\n\n\n<style>.wp-block-kadence-advancedheading.kt-adv-heading110_d8a4db-1d, .wp-block-kadence-advancedheading.kt-adv-heading110_d8a4db-1d[data-kb-block=\"kb-adv-heading110_d8a4db-1d\"]{font-style:normal;}.wp-block-kadence-advancedheading.kt-adv-heading110_d8a4db-1d mark.kt-highlight, .wp-block-kadence-advancedheading.kt-adv-heading110_d8a4db-1d[data-kb-block=\"kb-adv-heading110_d8a4db-1d\"] mark.kt-highlight{font-style:normal;color:#f76a0c;-webkit-box-decoration-break:clone;box-decoration-break:clone;padding-top:0px;padding-right:0px;padding-bottom:0px;padding-left:0px;}<\/style>\n<p class=\"kt-adv-heading110_d8a4db-1d wp-block-kadence-advancedheading\" data-kb-block=\"kb-adv-heading110_d8a4db-1d\">Die ISL e.V. ist der deutsche Zweig der 1980 gegr\u00fcndeten internationalen Selbstvertretungsbewegung behinderter Menschen &#8220;Disabled Peoples\u00b4 International &#8211; DPI&#8221;. Alle Entscheidungs- und Vertretungspositionen werden von Menschen mit Behinderungen wahrgenommen.<\/p>\n\n\n<style>.wp-block-kadence-advancedheading.kt-adv-heading110_6a889c-99, .wp-block-kadence-advancedheading.kt-adv-heading110_6a889c-99[data-kb-block=\"kb-adv-heading110_6a889c-99\"]{font-style:normal;}.wp-block-kadence-advancedheading.kt-adv-heading110_6a889c-99 mark.kt-highlight, .wp-block-kadence-advancedheading.kt-adv-heading110_6a889c-99[data-kb-block=\"kb-adv-heading110_6a889c-99\"] mark.kt-highlight{font-style:normal;color:#f76a0c;-webkit-box-decoration-break:clone;box-decoration-break:clone;padding-top:0px;padding-right:0px;padding-bottom:0px;padding-left:0px;}<\/style>\n<p class=\"kt-adv-heading110_6a889c-99 wp-block-kadence-advancedheading\" data-kb-block=\"kb-adv-heading110_6a889c-99\">Die ISL e.V. arbeitet behinderungs\u00fcbergreifend und setzt sich ein:<\/p>\n\n\n<style>.wp-block-kadence-iconlist.kt-svg-icon-list-items110_568a69-f8:not(.this-stops-third-party-issues){margin-top:0px;margin-bottom:0px;}.wp-block-kadence-iconlist.kt-svg-icon-list-items110_568a69-f8 ul.kt-svg-icon-list:not(.this-prevents-issues):not(.this-stops-third-party-issues):not(.tijsloc){margin-top:0px;margin-right:0px;margin-bottom:var(--global-kb-spacing-sm, 1.5rem);margin-left:0px;}.wp-block-kadence-iconlist.kt-svg-icon-list-items110_568a69-f8 ul.kt-svg-icon-list{grid-row-gap:5px;}.wp-block-kadence-iconlist.kt-svg-icon-list-items110_568a69-f8 ul.kt-svg-icon-list .kt-svg-icon-list-item-wrap .kt-svg-icon-list-single{margin-right:10px;}.kt-svg-icon-list-items110_568a69-f8 ul.kt-svg-icon-list .kt-svg-icon-list-level-0 .kt-svg-icon-list-single svg{font-size:20px;}<\/style>\n<div class=\"wp-block-kadence-iconlist kt-svg-icon-list-items kt-svg-icon-list-items110_568a69-f8 kt-svg-icon-list-columns-1 alignnone\"><ul class=\"kt-svg-icon-list\"><style>.kt-svg-icon-list-item-110_9df2d0-4d .kt-svg-icon-list-text mark.kt-highlight{background-color:unset;font-style:normal;color:#f76a0c;-webkit-box-decoration-break:clone;box-decoration-break:clone;padding-top:0px;padding-right:0px;padding-bottom:0px;padding-left:0px;}<\/style>\n<li class=\"wp-block-kadence-listitem kt-svg-icon-list-item-wrap kt-svg-icon-list-item-110_9df2d0-4d\"><span class=\"kb-svg-icon-wrap kb-svg-icon-fe_checkCircle kt-svg-icon-list-single\"><svg viewBox=\"0 0 24 24\"  fill=\"none\" stroke=\"currentColor\" stroke-width=\"2\" stroke-linecap=\"round\" stroke-linejoin=\"round\" xmlns=\"http:\/\/www.w3.org\/2000\/svg\"  aria-hidden=\"true\"><path d=\"M22 11.08V12a10 10 0 1 1-5.93-9.14\"\/><polyline points=\"22 4 12 14.01 9 11.01\"\/><\/svg><\/span><span class=\"kt-svg-icon-list-text\">f\u00fcr die Realisierung aller Menschenrechte behinderter Frauen und M\u00e4nner<\/span><\/li>\n\n\n<style>.kt-svg-icon-list-item-110_7d8d96-5e .kt-svg-icon-list-text mark.kt-highlight{background-color:unset;font-style:normal;color:#f76a0c;-webkit-box-decoration-break:clone;box-decoration-break:clone;padding-top:0px;padding-right:0px;padding-bottom:0px;padding-left:0px;}<\/style>\n<li class=\"wp-block-kadence-listitem kt-svg-icon-list-item-wrap kt-svg-icon-list-item-110_7d8d96-5e\"><span class=\"kb-svg-icon-wrap kb-svg-icon-fe_checkCircle kt-svg-icon-list-single\"><svg viewBox=\"0 0 24 24\"  fill=\"none\" stroke=\"currentColor\" stroke-width=\"2\" stroke-linecap=\"round\" stroke-linejoin=\"round\" xmlns=\"http:\/\/www.w3.org\/2000\/svg\"  aria-hidden=\"true\"><path d=\"M22 11.08V12a10 10 0 1 1-5.93-9.14\"\/><polyline points=\"22 4 12 14.01 9 11.01\"\/><\/svg><\/span><span class=\"kt-svg-icon-list-text\">f\u00fcr ein selbstbestimmtes Leben f\u00fcr alle Menschen mit Behinderungen<\/span><\/li>\n\n\n<style>.kt-svg-icon-list-item-110_e93c3c-7b .kt-svg-icon-list-text mark.kt-highlight{background-color:unset;font-style:normal;color:#f76a0c;-webkit-box-decoration-break:clone;box-decoration-break:clone;padding-top:0px;padding-right:0px;padding-bottom:0px;padding-left:0px;}<\/style>\n<li class=\"wp-block-kadence-listitem kt-svg-icon-list-item-wrap kt-svg-icon-list-item-110_e93c3c-7b\"><span class=\"kb-svg-icon-wrap kb-svg-icon-fe_checkCircle kt-svg-icon-list-single\"><svg viewBox=\"0 0 24 24\"  fill=\"none\" stroke=\"currentColor\" stroke-width=\"2\" stroke-linecap=\"round\" stroke-linejoin=\"round\" xmlns=\"http:\/\/www.w3.org\/2000\/svg\"  aria-hidden=\"true\"><path d=\"M22 11.08V12a10 10 0 1 1-5.93-9.14\"\/><polyline points=\"22 4 12 14.01 9 11.01\"\/><\/svg><\/span><span class=\"kt-svg-icon-list-text\">f\u00fcr eine gleichberechtigte Teilhabe von Menschen mit unterschiedlichen Behinderungen in allen Bereichen des Lebens und der Gesellschaft<\/span><\/li>\n\n\n<style>.kt-svg-icon-list-item-110_332b2a-9b .kt-svg-icon-list-text mark.kt-highlight{background-color:unset;font-style:normal;color:#f76a0c;-webkit-box-decoration-break:clone;box-decoration-break:clone;padding-top:0px;padding-right:0px;padding-bottom:0px;padding-left:0px;}<\/style>\n<li class=\"wp-block-kadence-listitem kt-svg-icon-list-item-wrap kt-svg-icon-list-item-110_332b2a-9b\"><span class=\"kb-svg-icon-wrap kb-svg-icon-fe_checkCircle kt-svg-icon-list-single\"><svg viewBox=\"0 0 24 24\"  fill=\"none\" stroke=\"currentColor\" stroke-width=\"2\" stroke-linecap=\"round\" stroke-linejoin=\"round\" xmlns=\"http:\/\/www.w3.org\/2000\/svg\"  aria-hidden=\"true\"><path d=\"M22 11.08V12a10 10 0 1 1-5.93-9.14\"\/><polyline points=\"22 4 12 14.01 9 11.01\"\/><\/svg><\/span><span class=\"kt-svg-icon-list-text\">f\u00fcr die Realisierung des Grundsatzes \u201eNichts \u00fcber uns ohne uns!\u201c<\/span><\/li>\n\n\n<style>.kt-svg-icon-list-item-110_b74652-1f .kt-svg-icon-list-text mark.kt-highlight{background-color:unset;font-style:normal;color:#f76a0c;-webkit-box-decoration-break:clone;box-decoration-break:clone;padding-top:0px;padding-right:0px;padding-bottom:0px;padding-left:0px;}<\/style>\n<li class=\"wp-block-kadence-listitem kt-svg-icon-list-item-wrap kt-svg-icon-list-item-110_b74652-1f\"><span class=\"kb-svg-icon-wrap kb-svg-icon-fe_checkCircle kt-svg-icon-list-single\"><svg viewBox=\"0 0 24 24\"  fill=\"none\" stroke=\"currentColor\" stroke-width=\"2\" stroke-linecap=\"round\" stroke-linejoin=\"round\" xmlns=\"http:\/\/www.w3.org\/2000\/svg\"  aria-hidden=\"true\"><path d=\"M22 11.08V12a10 10 0 1 1-5.93-9.14\"\/><polyline points=\"22 4 12 14.01 9 11.01\"\/><\/svg><\/span><span class=\"kt-svg-icon-list-text\">f\u00fcr eine gerechte Verteilung des gesellschaftlichen Reichtums und einen gleichberechtigten Anteil am gesellschaftlichen Reichtum<\/span><\/li>\n\n\n<style>.kt-svg-icon-list-item-110_9c4aad-9f .kt-svg-icon-list-text mark.kt-highlight{background-color:unset;font-style:normal;color:#f76a0c;-webkit-box-decoration-break:clone;box-decoration-break:clone;padding-top:0px;padding-right:0px;padding-bottom:0px;padding-left:0px;}<\/style>\n<li class=\"wp-block-kadence-listitem kt-svg-icon-list-item-wrap kt-svg-icon-list-item-110_9c4aad-9f\"><span class=\"kb-svg-icon-wrap kb-svg-icon-fe_checkCircle kt-svg-icon-list-single\"><svg viewBox=\"0 0 24 24\"  fill=\"none\" stroke=\"currentColor\" stroke-width=\"2\" stroke-linecap=\"round\" stroke-linejoin=\"round\" xmlns=\"http:\/\/www.w3.org\/2000\/svg\"  aria-hidden=\"true\"><path d=\"M22 11.08V12a10 10 0 1 1-5.93-9.14\"\/><polyline points=\"22 4 12 14.01 9 11.01\"\/><\/svg><\/span><span class=\"kt-svg-icon-list-text\">f\u00fcr Menschen mit Behinderungen<\/span><\/li>\n<\/ul><\/div>\n\n\n<style>.wp-block-kadence-advancedheading.kt-adv-heading110_fc94f3-ee, .wp-block-kadence-advancedheading.kt-adv-heading110_fc94f3-ee[data-kb-block=\"kb-adv-heading110_fc94f3-ee\"]{font-style:normal;}.wp-block-kadence-advancedheading.kt-adv-heading110_fc94f3-ee mark.kt-highlight, .wp-block-kadence-advancedheading.kt-adv-heading110_fc94f3-ee[data-kb-block=\"kb-adv-heading110_fc94f3-ee\"] mark.kt-highlight{font-style:normal;color:#f76a0c;-webkit-box-decoration-break:clone;box-decoration-break:clone;padding-top:0px;padding-right:0px;padding-bottom:0px;padding-left:0px;}<\/style>\n<p class=\"kt-adv-heading110_fc94f3-ee wp-block-kadence-advancedheading\" data-kb-block=\"kb-adv-heading110_fc94f3-ee\">Mit den Methoden des \u201ePeer Support\u201c und \u201ePeer Counseling\u201c st\u00e4rkt die ISL e. V. einzelne Menschen mit Behinderungen im Sinne des Empowerments, damit sie Zugang zu ihren eigenen St\u00e4rken und Ressourcen bekommen und ihr Leben selbstbestimmt gestalten k\u00f6nnen. Durch politische Interessenvertretung, Gremien- und Lobbyarbeit setzt sich die ISL e.V. einerseits daf\u00fcr ein, dass die rechtlichen und gesellschaftlichen Rahmenbedingungen so ver\u00e4ndert werden, dass behinderte Frauen und M\u00e4nner gleichberechtigt teilhaben k\u00f6nnen. Andererseits dienen diese Aktivit\u00e4ten auch der Bewusstseinsbildung, damit Menschen mit Behinderungen immer h\u00e4ufiger und immer selbstverst\u00e4ndlicher als Bereicherung der Gesellschaft betrachtet werden.<\/p>\n\n\n<style>.wp-block-kadence-advancedheading.kt-adv-heading110_f8cb39-8a, .wp-block-kadence-advancedheading.kt-adv-heading110_f8cb39-8a[data-kb-block=\"kb-adv-heading110_f8cb39-8a\"]{font-style:normal;}.wp-block-kadence-advancedheading.kt-adv-heading110_f8cb39-8a mark.kt-highlight, .wp-block-kadence-advancedheading.kt-adv-heading110_f8cb39-8a[data-kb-block=\"kb-adv-heading110_f8cb39-8a\"] mark.kt-highlight{font-style:normal;color:#f76a0c;-webkit-box-decoration-break:clone;box-decoration-break:clone;padding-top:0px;padding-right:0px;padding-bottom:0px;padding-left:0px;}<\/style>\n<p class=\"kt-adv-heading110_f8cb39-8a wp-block-kadence-advancedheading\" data-kb-block=\"kb-adv-heading110_f8cb39-8a\">Die ISL e. V. leistet einen wichtigen Beitrag um die UN-Behindertenrechtskonvention in Deutschland auf allen Ebenen umzusetzen und mit Leben zu erf\u00fcllen. Sie engagiert sich f\u00fcr Inklusion in allen Lebensbereichen.<\/p>\n\n\n<style>.wp-block-kadence-advancedheading.kt-adv-heading110_7707bf-ed, .wp-block-kadence-advancedheading.kt-adv-heading110_7707bf-ed[data-kb-block=\"kb-adv-heading110_7707bf-ed\"]{font-style:normal;}.wp-block-kadence-advancedheading.kt-adv-heading110_7707bf-ed mark.kt-highlight, .wp-block-kadence-advancedheading.kt-adv-heading110_7707bf-ed[data-kb-block=\"kb-adv-heading110_7707bf-ed\"] mark.kt-highlight{font-style:normal;color:#f76a0c;-webkit-box-decoration-break:clone;box-decoration-break:clone;padding-top:0px;padding-right:0px;padding-bottom:0px;padding-left:0px;}<\/style>\n<p class=\"kt-adv-heading110_7707bf-ed wp-block-kadence-advancedheading\" data-kb-block=\"kb-adv-heading110_7707bf-ed\">Das komplette Grundsatzprogramm finden sie <a href=\"https:\/\/lv-isl-thueringen.de\/wp-content\/uploads\/2014\/06\/grundsatzrogramm.pdf\" target=\"_blank\">hier<\/a>.<\/p>\n","protected":false},"excerpt":{"rendered":"<p>Pr\u00e4ambel Die &#8220;Interessenvertretung Selbstbestimmt Leben in Deutschland e. V. &#8211; ISL&#8221; ist die Dachorganisation der Zentren f\u00fcr Selbstbestimmtes Leben behinderter Menschen und wurde 1990 von behinderten Frauen und M\u00e4nnern gegr\u00fcndet. Die ISL e .V. definiert \u201eBehinderung\u201c nicht als Defizit aus einer medizinischen Perspektive, sondern versteht Behinderung vielmehr als Menschenrechtsthema. Die Leitideen der ISL e.V. sind&#8230;<\/p>\n","protected":false},"author":2,"featured_media":0,"parent":0,"menu_order":0,"comment_status":"closed","ping_status":"closed","template":"","meta":{"_kad_blocks_custom_css":"","_kad_blocks_head_custom_js":"","_kad_blocks_body_custom_js":"","_kad_blocks_footer_custom_js":"","_kad_post_transparent":"","_kad_post_title":"","_kad_post_layout":"","_kad_post_sidebar_id":"","_kad_post_content_style":"","_kad_post_vertical_padding":"","_kad_post_feature":"","_kad_post_feature_position":"","_kad_post_header":false,"_kad_post_footer":false,"_kad_post_classname":"","footnotes":""},"class_list":["post-110","page","type-page","status-publish","hentry"],"taxonomy_info":[],"featured_image_src_large":false,"author_info":{"display_name":"Frank Pechmann","author_link":"https:\/\/lv-isl-thueringen.de\/?author=2"},"comment_info":0,"_links":{"self":[{"href":"https:\/\/lv-isl-thueringen.de\/index.php?rest_route=\/wp\/v2\/pages\/110","targetHints":{"allow":["GET"]}}],"collection":[{"href":"https:\/\/lv-isl-thueringen.de\/index.php?rest_route=\/wp\/v2\/pages"}],"about":[{"href":"https:\/\/lv-isl-thueringen.de\/index.php?rest_route=\/wp\/v2\/types\/page"}],"author":[{"embeddable":true,"href":"https:\/\/lv-isl-thueringen.de\/index.php?rest_route=\/wp\/v2\/users\/2"}],"replies":[{"embeddable":true,"href":"https:\/\/lv-isl-thueringen.de\/index.php?rest_route=%2Fwp%2Fv2%2Fcomments&post=110"}],"version-history":[{"count":0,"href":"https:\/\/lv-isl-thueringen.de\/index.php?rest_route=\/wp\/v2\/pages\/110\/revisions"}],"wp:attachment":[{"href":"https:\/\/lv-isl-thueringen.de\/index.php?rest_route=%2Fwp%2Fv2%2Fmedia&parent=110"}],"curies":[{"name":"wp","href":"https:\/\/api.w.org\/{rel}","templated":true}]}}